{"id":23,"date":"2013-06-11T14:37:11","date_gmt":"2013-06-11T12:37:11","guid":{"rendered":"http:\/\/es-potsdam.com\/?page_id=23"},"modified":"2016-10-06T14:48:11","modified_gmt":"2016-10-06T12:48:11","slug":"profile","status":"publish","type":"page","link":"https:\/\/equilibriumstate-barkschat.com\/en\/profile\/","title":{"rendered":"Profile"},"content":{"rendered":"<div class=\"row-fluid\"><div class=\"span6\"><\/p>\n<p>Schon in jungen Jahren besch\u00e4ftigte sich Jens Barkschat mit den Themen &#8220;Beweglichkeit&#8221; und &#8220;K\u00f6rper&#8221;. Besonders die asiatischen Kampfk\u00fcnste hatten es ihm schon fr\u00fch angetan und veranlassten ihn, sich fortw\u00e4hrend mit komplexen und anspruchsvollen Bewegungssituationen auseinanderzusetzen. Ein Meilenstein in diesem Lebensabschnitt war die Pr\u00fcfung zum 1. Dan im Judo.<br \/>\n&nbsp;<\/p>\n<p>ES lernte Jens Barkschat zun\u00e4chst als Klient kennen. Die M\u00f6glichkeit, die eigene Bewegungsqualit\u00e4t rapide und nachhaltig zu verbessern, begeisterte ihn von Beginn an. Diesen Leistungsschub konnte er auch abseits des Sports auf internationalen Reisen immer wieder sch\u00e4tzen lernen. <\/div><div class=\"span6\"><\/p>\n<p>Beispielsweise konnte er auf Backpacker-Touren durch die menschenverlassenen bolivischen Jungas oder die Schneegipfel des Himalayas die Kraft und Mobilit\u00e4t nutzen, die lebensnotwendig auf den variantenreichen Terrains sind.<br \/>\n&nbsp;<\/p>\n<p>Schon bald begeisterte ihn der Gedanke, den Lebensalltag anderer Menschen positiver zu gestalten. Seit 2016 arbeitet er als Faszienspezialist in Augsburg und begleitet seine Klienten auf ihrer Forschungsreise durch den eigenen K\u00f6rper in eine neue Welt.<\/p>\n<p><\/div><\/div>\n","protected":false},"excerpt":{"rendered":"","protected":false},"author":1,"featured_media":0,"parent":0,"menu_order":4,"comment_status":"closed","ping_status":"closed","template":"","meta":[],"yoast_head":"<!-- This site is optimized with the Yoast SEO plugin v19.7.2 - https:\/\/yoast.com\/wordpress\/plugins\/seo\/ -->\n<title>Profile - Equilibrium State<\/title>\n<meta name=\"robots\" content=\"index, follow, max-snippet:-1, max-image-preview:large, max-video-preview:-1\" \/>\n<link rel=\"canonical\" href=\"https:\/\/equilibriumstate-barkschat.com\/en\/profile\/\" \/>\n<meta name=\"twitter:label1\" content=\"Est. reading time\" \/>\n\t<meta name=\"twitter:data1\" content=\"1 minute\" \/>\n<script type=\"application\/ld+json\" class=\"yoast-schema-graph\">{\"@context\":\"https:\/\/schema.org\",\"@graph\":[{\"@type\":\"WebPage\",\"@id\":\"https:\/\/equilibriumstate-barkschat.com\/en\/profile\/\",\"url\":\"https:\/\/equilibriumstate-barkschat.com\/en\/profile\/\",\"name\":\"Profile - Equilibrium State\",\"isPartOf\":{\"@id\":\"https:\/\/equilibriumstate-barkschat.com\/en\/#website\"},\"datePublished\":\"2013-06-11T12:37:11+00:00\",\"dateModified\":\"2016-10-06T12:48:11+00:00\",\"breadcrumb\":{\"@id\":\"https:\/\/equilibriumstate-barkschat.com\/en\/profile\/#breadcrumb\"},\"inLanguage\":\"en-US\",\"potentialAction\":[{\"@type\":\"ReadAction\",\"target\":[\"https:\/\/equilibriumstate-barkschat.com\/en\/profile\/\"]}]},{\"@type\":\"BreadcrumbList\",\"@id\":\"https:\/\/equilibriumstate-barkschat.com\/en\/profile\/#breadcrumb\",\"itemListElement\":[{\"@type\":\"ListItem\",\"position\":1,\"name\":\"Home\",\"item\":\"https:\/\/equilibriumstate-barkschat.com\/en\/\"},{\"@type\":\"ListItem\",\"position\":2,\"name\":\"Profile\"}]},{\"@type\":\"WebSite\",\"@id\":\"https:\/\/equilibriumstate-barkschat.com\/en\/#website\",\"url\":\"https:\/\/equilibriumstate-barkschat.com\/en\/\",\"name\":\"Equilibrium State EN\",\"description\":\"\",\"potentialAction\":[{\"@type\":\"SearchAction\",\"target\":{\"@type\":\"EntryPoint\",\"urlTemplate\":\"https:\/\/equilibriumstate-barkschat.com\/en\/?s={search_term_string}\"},\"query-input\":\"required name=search_term_string\"}],\"inLanguage\":\"en-US\"}]}<\/script>\n<!-- \/ Yoast SEO plugin. -->","yoast_head_json":{"title":"Profile - Equilibrium State","robots":{"index":"index","follow":"follow","max-snippet":"max-snippet:-1","max-image-preview":"max-image-preview:large","max-video-preview":"max-video-preview:-1"},"canonical":"https:\/\/equilibriumstate-barkschat.com\/en\/profile\/","twitter_misc":{"Est. reading time":"1 minute"},"schema":{"@context":"https:\/\/schema.org","@graph":[{"@type":"WebPage","@id":"https:\/\/equilibriumstate-barkschat.com\/en\/profile\/","url":"https:\/\/equilibriumstate-barkschat.com\/en\/profile\/","name":"Profile - Equilibrium State","isPartOf":{"@id":"https:\/\/equilibriumstate-barkschat.com\/en\/#website"},"datePublished":"2013-06-11T12:37:11+00:00","dateModified":"2016-10-06T12:48:11+00:00","breadcrumb":{"@id":"https:\/\/equilibriumstate-barkschat.com\/en\/profile\/#breadcrumb"},"inLanguage":"en-US","potentialAction":[{"@type":"ReadAction","target":["https:\/\/equilibriumstate-barkschat.com\/en\/profile\/"]}]},{"@type":"BreadcrumbList","@id":"https:\/\/equilibriumstate-barkschat.com\/en\/profile\/#breadcrumb","itemListElement":[{"@type":"ListItem","position":1,"name":"Home","item":"https:\/\/equilibriumstate-barkschat.com\/en\/"},{"@type":"ListItem","position":2,"name":"Profile"}]},{"@type":"WebSite","@id":"https:\/\/equilibriumstate-barkschat.com\/en\/#website","url":"https:\/\/equilibriumstate-barkschat.com\/en\/","name":"Equilibrium State EN","description":"","potentialAction":[{"@type":"SearchAction","target":{"@type":"EntryPoint","urlTemplate":"https:\/\/equilibriumstate-barkschat.com\/en\/?s={search_term_string}"},"query-input":"required name=search_term_string"}],"inLanguage":"en-US"}]}},"_links":{"self":[{"href":"https:\/\/equilibriumstate-barkschat.com\/en\/wp-json\/wp\/v2\/pages\/23"}],"collection":[{"href":"https:\/\/equilibriumstate-barkschat.com\/en\/wp-json\/wp\/v2\/pages"}],"about":[{"href":"https:\/\/equilibriumstate-barkschat.com\/en\/wp-json\/wp\/v2\/types\/page"}],"author":[{"embeddable":true,"href":"https:\/\/equilibriumstate-barkschat.com\/en\/wp-json\/wp\/v2\/users\/1"}],"replies":[{"embeddable":true,"href":"https:\/\/equilibriumstate-barkschat.com\/en\/wp-json\/wp\/v2\/comments?post=23"}],"version-history":[{"count":14,"href":"https:\/\/equilibriumstate-barkschat.com\/en\/wp-json\/wp\/v2\/pages\/23\/revisions"}],"predecessor-version":[{"id":431,"href":"https:\/\/equilibriumstate-barkschat.com\/en\/wp-json\/wp\/v2\/pages\/23\/revisions\/431"}],"wp:attachment":[{"href":"https:\/\/equilibriumstate-barkschat.com\/en\/wp-json\/wp\/v2\/media?parent=23"}],"curies":[{"name":"wp","href":"https:\/\/api.w.org\/{rel}","templated":true}]}}